{"id":8003,"date":"2016-04-07T07:42:39","date_gmt":"2016-04-07T07:42:39","guid":{"rendered":"https:\/\/evomoto.pl\/o-nas\/"},"modified":"2026-02-23T20:45:22","modified_gmt":"2026-02-23T20:45:22","slug":"o-nas","status":"publish","type":"page","link":"https:\/\/evomoto.pl\/pl\/o-nas\/","title":{"rendered":"O nas"},"content":{"rendered":"\t\t<div data-elementor-type=\"wp-page\" data-elementor-id=\"8003\" class=\"elementor elementor-8003 elementor-2067\">\n\t\t\t\t\t\t<section class=\"elementor-section elementor-top-section elementor-element elementor-element-4fd4f1d elementor-section-boxed elementor-section-height-default elementor-section-height-default\" data-id=\"4fd4f1d\" data-element_type=\"section\" data-e-type=\"section\">\n\t\t\t\t\t\t<div class=\"elementor-container elementor-column-gap-default\">\n\t\t\t\t\t<div class=\"elementor-column elementor-col-50 elementor-top-column elementor-element elementor-element-4fc0b1f\" data-id=\"4fc0b1f\" data-element_type=\"column\" data-e-type=\"column\">\n\t\t\t<div class=\"elementor-widget-wrap elementor-element-populated\">\n\t\t\t\t\t\t<div class=\"elementor-element elementor-element-2ad78c5 elementor-widget elementor-widget-image\" data-id=\"2ad78c5\" data-element_type=\"widget\" data-e-type=\"widget\" data-widget_type=\"image.default\">\n\t\t\t\t\t\t\t\t\t\t\t\t\t\t\t<img decoding=\"async\" src=\"https:\/\/motors.stylemixstage.com\/elementor-dealer-one\/wp-content\/uploads\/sites\/27\/2015\/10\/about-us-1.jpg\" alt=\"\" loading=\"lazy\" \/>\t\t\t\t\t\t\t\t\t\t\t\t\t\t\t<\/div>\n\t\t\t\t\t<\/div>\n\t\t<\/div>\n\t\t\t\t<div class=\"elementor-column elementor-col-50 elementor-top-column elementor-element elementor-element-14f77ae\" data-id=\"14f77ae\" data-element_type=\"column\" data-e-type=\"column\">\n\t\t\t<div class=\"elementor-widget-wrap elementor-element-populated\">\n\t\t\t\t\t\t<div class=\"elementor-element elementor-element-f5f5579 elementor-widget elementor-widget-text-editor\" data-id=\"f5f5579\" data-element_type=\"widget\" data-e-type=\"widget\" data-widget_type=\"text-editor.default\">\n\t\t\t\t\t\t\t\t\t<h3>WITAMY W <span style=\"color: #329856;\">EVOMOTOR<\/span><\/h3>\n<h5 style=\"margin-bottom: 22px;\">EvoMoto to polski serwis specjalizuj\u0105cy si\u0119 w selekcji, imporcie i dostawie pojazd\u00f3w elektrycznych i hybrydowych z Chin do Polski i ca\u0142ej UE. Wierzymy w przysz\u0142o\u015b\u0107, w kt\u00f3rej nowoczesny samoch\u00f3d mo\u017ce by\u0107 przyjazny dla \u015brodowiska, zaawansowany technologicznie i op\u0142acalny &#8211; a proces zakupu pozostaje prosty i szybki   <\/h5>\n<p style=\"margin-bottom: 26px;\">Nasz\u0105 misj\u0105 jest uczynienie zam\u00f3wienia samochodu z Chin dost\u0119pnym i bezpiecznym dla klient\u00f3w w Polsce i Europie poprzez zapewnienie uczciwego wsparcia na ka\u017cdym etapie: od wyboru i ogl\u0119dzin pojazdu po przygotowanie dokument\u00f3w, zorganizowanie dostawy i przekazanie samochodu &#8222;pod klucz&#8221; bezpo\u015brednio pod drzwi klienta.<\/p>\n\t\t\t\t\t\t\t\t<\/div>\n\t\t\t\t\t<\/div>\n\t\t<\/div>\n\t\t\t\t\t<\/div>\n\t\t<\/section>\n\t\t\t\t<section class=\"elementor-section elementor-top-section elementor-element elementor-element-7ddb0c1 elementor-section-boxed elementor-section-height-default elementor-section-height-default\" data-id=\"7ddb0c1\" data-element_type=\"section\" data-e-type=\"section\">\n\t\t\t\t\t\t<div class=\"elementor-container elementor-column-gap-default\">\n\t\t\t\t\t<div class=\"elementor-column elementor-col-50 elementor-top-column elementor-element elementor-element-140449d\" data-id=\"140449d\" data-element_type=\"column\" data-e-type=\"column\">\n\t\t\t<div class=\"elementor-widget-wrap elementor-element-populated\">\n\t\t\t\t\t\t<div class=\"elementor-element elementor-element-7a1f682 elementor-widget elementor-widget-text-editor\" data-id=\"7a1f682\" data-element_type=\"widget\" data-e-type=\"widget\" data-widget_type=\"text-editor.default\">\n\t\t\t\t\t\t\t\t\t<h3>PODSTAWOWE WARTO\u015aCI<\/h3><hr><ul class=\"list-style-1\" style=\"margin-top: 15px;\"><li>Przejrzyste pozyskiwanie pojazd\u00f3w.<\/li><li>Niezawodna logistyka mi\u0119dzynarodowa<\/li><li>Zweryfikowani dostawcy w Chinach<\/li><li>Przejrzysta dokumentacja i wsparcie w zakresie zgodno\u015bci<\/li><li>Spersonalizowane wskaz\u00f3wki dla klient\u00f3w<\/li><\/ul>\t\t\t\t\t\t\t\t<\/div>\n\t\t\t\t\t<\/div>\n\t\t<\/div>\n\t\t\t\t<div class=\"elementor-column elementor-col-50 elementor-top-column elementor-element elementor-element-075e6ed\" data-id=\"075e6ed\" data-element_type=\"column\" data-e-type=\"column\">\n\t\t\t<div class=\"elementor-widget-wrap elementor-element-populated\">\n\t\t\t\t\t\t<div class=\"elementor-element elementor-element-a8d0c1a elementor-widget elementor-widget-image\" data-id=\"a8d0c1a\" data-element_type=\"widget\" data-e-type=\"widget\" data-widget_type=\"image.default\">\n\t\t\t\t\t\t\t\t\t\t\t\t\t\t\t<img fetchpriority=\"high\" decoding=\"async\" width=\"1024\" height=\"405\" src=\"https:\/\/evomoto.pl\/wp-content\/uploads\/2022\/09\/01-1-1024x405.jpg\" class=\"attachment-large size-large wp-image-6014\" alt=\"motors_placeholder\" srcset=\"https:\/\/evomoto.pl\/wp-content\/uploads\/2022\/09\/01-1-1024x405.jpg 1024w, https:\/\/evomoto.pl\/wp-content\/uploads\/2022\/09\/01-1-600x237.jpg 600w, https:\/\/evomoto.pl\/wp-content\/uploads\/2022\/09\/01-1-300x119.jpg 300w, https:\/\/evomoto.pl\/wp-content\/uploads\/2022\/09\/01-1-255x101.jpg 255w, https:\/\/evomoto.pl\/wp-content\/uploads\/2022\/09\/01-1-510x202.jpg 510w, https:\/\/evomoto.pl\/wp-content\/uploads\/2022\/09\/01-1-280x111.jpg 280w, https:\/\/evomoto.pl\/wp-content\/uploads\/2022\/09\/01-1-560x221.jpg 560w, https:\/\/evomoto.pl\/wp-content\/uploads\/2022\/09\/01-1-350x138.jpg 350w, https:\/\/evomoto.pl\/wp-content\/uploads\/2022\/09\/01-1-700x277.jpg 700w, https:\/\/evomoto.pl\/wp-content\/uploads\/2022\/09\/01-1-398x157.jpg 398w, https:\/\/evomoto.pl\/wp-content\/uploads\/2022\/09\/01-1-796x315.jpg 796w, https:\/\/evomoto.pl\/wp-content\/uploads\/2022\/09\/01-1-275x109.jpg 275w, https:\/\/evomoto.pl\/wp-content\/uploads\/2022\/09\/01-1-550x217.jpg 550w, https:\/\/evomoto.pl\/wp-content\/uploads\/2022\/09\/01-1.jpg 1920w\" sizes=\"(max-width: 1024px) 100vw, 1024px\" \/>\t\t\t\t\t\t\t\t\t\t\t\t\t\t\t<\/div>\n\t\t\t\t\t<\/div>\n\t\t<\/div>\n\t\t\t\t\t<\/div>\n\t\t<\/section>\n\t\t\t\t<section class=\"elementor-section elementor-top-section elementor-element elementor-element-2adf9a0 elementor-section-full_width elementor-section-stretched elementor-section-height-default elementor-section-height-default\" data-id=\"2adf9a0\" data-element_type=\"section\" data-e-type=\"section\" data-settings=\"{&quot;stretch_section&quot;:&quot;section-stretched&quot;,&quot;background_background&quot;:&quot;classic&quot;}\">\n\t\t\t\t\t\t<div class=\"elementor-container elementor-column-gap-default\">\n\t\t\t\t\t<div class=\"elementor-column elementor-col-100 elementor-top-column elementor-element elementor-element-6646619\" data-id=\"6646619\" data-element_type=\"column\" data-e-type=\"column\">\n\t\t\t<div class=\"elementor-widget-wrap elementor-element-populated\">\n\t\t\t\t\t\t<section class=\"elementor-section elementor-inner-section elementor-element elementor-element-35e942f elementor-section-boxed elementor-section-height-default elementor-section-height-default\" data-id=\"35e942f\" data-element_type=\"section\" data-e-type=\"section\">\n\t\t\t\t\t\t<div class=\"elementor-container elementor-column-gap-default\">\n\t\t\t\t\t<div class=\"elementor-column elementor-col-100 elementor-inner-column elementor-element elementor-element-cf533b3\" data-id=\"cf533b3\" data-element_type=\"column\" data-e-type=\"column\">\n\t\t\t<div class=\"elementor-widget-wrap elementor-element-populated\">\n\t\t\t\t\t\t<div class=\"elementor-element elementor-element-fa01240 elementor-widget elementor-widget-heading\" data-id=\"fa01240\" data-element_type=\"widget\" data-e-type=\"widget\" data-widget_type=\"heading.default\">\n\t\t\t\t\t<h2 class=\"elementor-heading-title elementor-size-default\">GALERIA MEDI\u00d3W<\/h2>\t\t\t\t<\/div>\n\t\t\t\t<div class=\"elementor-element elementor-element-d46adbc elementor-widget elementor-widget-stm-colored-separator\" data-id=\"d46adbc\" data-element_type=\"widget\" data-e-type=\"widget\" data-widget_type=\"stm-colored-separator.default\">\n\t\t\t\t<div class=\"elementor-widget-container\">\n\t\t\t\t\t<div class=\"colored-separator\" style=\"text-align: center;\">\n\t\t\t<div class=\"first-long stm-base-background-color\"><\/div>\n\t\t<div class=\"last-short stm-base-background-color\"><\/div>\n\t<\/div>\n\t\t\t\t<\/div>\n\t\t\t\t<\/div>\n\t\t\t\t<div class=\"elementor-element elementor-element-ea7f7d8 elementor-widget elementor-widget-motors-image-carousel\" data-id=\"ea7f7d8\" data-element_type=\"widget\" data-e-type=\"widget\" data-widget_type=\"motors-image-carousel.default\">\n\t\t\t\t<div class=\"elementor-widget-container\">\n\t\t\t\t\t\t<div class=\"motors-elementor-widget stm_image_carousel swiper-container\" id=\"stm_image_carousel-80355\">\n\t\t<div class=\"swiper-wrapper\">\n\t\t\t\t\t\t\t\t<div class=\"swiper-slide\">\n\t\t\t\t\t\t\t\t\t\t\t\t\t<img decoding=\"async\" src=\"https:\/\/evomoto.pl\/wp-content\/uploads\/2025\/11\/2024-alpha-s5-arcfox-e6osveeeeej04nmyvrgm9oe-270x180.jpeg\" alt=\"Gallery image\">\n\t\t\t\t\t\t\t\t\t\t\t<\/div>\n\t\t\t\t\t\t\t\t\t\t<div class=\"swiper-slide\">\n\t\t\t\t\t\t\t\t\t\t\t\t\t<img decoding=\"async\" src=\"https:\/\/evomoto.pl\/wp-content\/uploads\/2025\/11\/\u8f66\u8eab-270x180.jpg\" alt=\"Gallery image\">\n\t\t\t\t\t\t\t\t\t\t\t<\/div>\n\t\t\t\t\t\t\t\t\t\t<div class=\"swiper-slide\">\n\t\t\t\t\t\t\t\t\t\t\t\t\t<img decoding=\"async\" src=\"https:\/\/evomoto.pl\/wp-content\/uploads\/2025\/11\/w1200_yichecar_425857851117294.jpeg-270x180.webp\" alt=\"Gallery image\">\n\t\t\t\t\t\t\t\t\t\t\t<\/div>\n\t\t\t\t\t\t\t\t\t\t<div class=\"swiper-slide\">\n\t\t\t\t\t\t\t\t\t\t\t\t\t<img decoding=\"async\" src=\"https:\/\/evomoto.pl\/wp-content\/uploads\/2025\/11\/Wuling-Bingo-Plus-EV-1-270x180.webp\" alt=\"Gallery image\">\n\t\t\t\t\t\t\t\t\t\t\t<\/div>\n\t\t\t\t\t\t\t\t\t\t<div class=\"swiper-slide\">\n\t\t\t\t\t\t\t\t\t\t\t\t\t<img decoding=\"async\" src=\"https:\/\/evomoto.pl\/wp-content\/uploads\/2025\/11\/2-min-2-2048x1536-1-270x180.jpg\" alt=\"Gallery image\">\n\t\t\t\t\t\t\t\t\t\t\t<\/div>\n\t\t\t\t\t\t\t\t\t\t<div class=\"swiper-slide\">\n\t\t\t\t\t\t\t\t\t\t\t\t\t<img decoding=\"async\" src=\"https:\/\/evomoto.pl\/wp-content\/uploads\/2025\/11\/04-min-1-2048x1365-1-270x180.jpg\" alt=\"Gallery image\">\n\t\t\t\t\t\t\t\t\t\t\t<\/div>\n\t\t\t\t\t\t\t\t\t\t<div class=\"swiper-slide\">\n\t\t\t\t\t\t\t\t\t\t\t\t\t<img decoding=\"async\" src=\"https:\/\/evomoto.pl\/wp-content\/uploads\/2025\/11\/images-1-2-264x180.jpg\" alt=\"Gallery image\">\n\t\t\t\t\t\t\t\t\t\t\t<\/div>\n\t\t\t\t\t\t\t<\/div>\n\n\t\t\t\t\t<div class=\"stm-swiper-controls\">\n\t\t\t\t\t\t\t\t\t<div class=\"stm-swiper-prev\"><i class=\"fas fa-angle-left\"><\/i><\/div>\n\t\t\t\t\t\t\t\t\t\t\t\t\t<div class=\"swiper-pagination\"><\/div>\n\t\t\t\t\t\t\t\t\t\t\t\t\t<div class=\"stm-swiper-next\"><i class=\"fas fa-angle-right\"><\/i><\/div>\n\t\t\t\t\t\t\t<\/div>\n\t\t\t<\/div>\n\t<script>\n\t( function( $ ) {\n\t\t\"use strict\";\n\t\t\t\t$(window).on('elementor\/frontend\/init', function() {\n\t\t\t\t\tlet swiper = new Swiper('#stm_image_carousel-80355', {\n\t\t\t\t\t\t\t\tloop: true,\n\t\t\t\t\n\t\t\t\t\t\t\t\t\tsimulateTouch: false,\n\t\t\t\t\n\t\t\t\t\n\t\t\t\t\n\t\t\t\t\t\t\t\t\tslidesPerGroup: 1,\n\t\t\t\t\n\t\t\t\tslidesPerView: 1,\n\n\t\t\t\tspaceBetween: 12,\n\n\t\t\t\tcenterInsufficientSlides: true,\n\n\t\t\t\tbreakpoints: {\n\t\t\t\t\t640: {\n\t\t\t\t\t\tslidesPerView: 3,\n\t\t\t\t\t},\n\t\t\t\t\t992: {\n\t\t\t\t\t\tslidesPerView: 4,\n\t\t\t\t\t}\n\t\t\t\t},\n\t\t\t\t\t\t\t\t\tnavigation: {\n\t\t\t\t\t\tnextEl: '.stm-swiper-next',\n\t\t\t\t\t\tprevEl: '.stm-swiper-prev',\n\t\t\t\t\t},\n\t\t\t\t\n\t\t\t\t\t\t\t\t\tpagination: {\n\t\t\t\t\t\tel: '.swiper-pagination',\n\t\t\t\t\t\tclickable: true,\n\t\t\t\t\t},\n\t\t\t\t\t\t\t});\n\n\t\t\t\t\t});\n\t\t\t} ( jQuery ) );\n\t<\/script>\n\t\t\t\t\t<\/div>\n\t\t\t\t<\/div>\n\t\t\t\t\t<\/div>\n\t\t<\/div>\n\t\t\t\t\t<\/div>\n\t\t<\/section>\n\t\t\t\t\t<\/div>\n\t\t<\/div>\n\t\t\t\t\t<\/div>\n\t\t<\/section>\n\t\t\t\t<section class=\"elementor-section elementor-top-section elementor-element elementor-element-805231c elementor-section-boxed elementor-section-height-default elementor-section-height-default\" data-id=\"805231c\" data-element_type=\"section\" data-e-type=\"section\">\n\t\t\t\t\t\t<div class=\"elementor-container elementor-column-gap-default\">\n\t\t\t\t\t<div class=\"elementor-column elementor-col-50 elementor-top-column elementor-element elementor-element-d2986bb\" data-id=\"d2986bb\" data-element_type=\"column\" data-e-type=\"column\">\n\t\t\t<div class=\"elementor-widget-wrap elementor-element-populated\">\n\t\t\t\t\t\t<div class=\"elementor-element elementor-element-e4b2556 elementor-widget elementor-widget-heading\" data-id=\"e4b2556\" data-element_type=\"widget\" data-e-type=\"widget\" data-widget_type=\"heading.default\">\n\t\t\t\t\t<h3 class=\"elementor-heading-title elementor-size-default\">NASZE ZALETY<\/h3>\t\t\t\t<\/div>\n\t\t\t\t<div class=\"elementor-element elementor-element-9d3ea95 elementor-widget elementor-widget-stm-accordion\" data-id=\"9d3ea95\" data-element_type=\"widget\" data-e-type=\"widget\" data-widget_type=\"stm-accordion.default\">\n\t\t\t\t<div class=\"elementor-widget-container\">\n\t\t\t\t\t\t<div class=\"stm-elementor-accordion\">\n\t\t<div class=\"stm-elementor-accordion-container\">\n\t\t\t<div class=\"stm-elementor-panels-container\">\n\t\t\t\t\t\t\t\t\t<div class=\"stm-elementor-panel active\">\n\t\t\t\t\t\t<div class=\"stm-elementor-panel-heading\" data-heading=\"panel-0\">\n\t\t\t\t\t\t\t<h4 class=\"stm-elementor-panel-title\">\n\t\t\t\t\t\t\t\t\t\t\t\t\t\t\t\t\t\t<i class=\"stm-elementor-panel-icon stmicon- stm-icon-car_sale\"><\/i>\n\t\t\t\t\t\t\t\t\t\t\t\t\t\t\t\t\t\t\t<span class=\"panel-title-text\">\n\t\t\t\t\t\t\t\t\tSzukasz odpowiedniego samochodu?\t\t\t\t\t\t\t\t<\/span>\n\t\t\t\t\t\t\t\t<i class=\"stm-elementor-panel-control-icon-chevron fas fa-chevron-down\"><\/i>\n\t\t\t\t\t\t\t<\/h4>\n\t\t\t\t\t\t<\/div>\n\t\t\t\t\t\t<div class=\"stm-elementor-panel-body\" data-content=\"panel-0\" style=\"display: block;\">\n\t\t\t\t\t\t\t<div class=\"stm-elementor-panel-content\">\n\t\t\t\t\t\t\t\t<div class=\"panel-content-wrap\">\n\t\t\t\t\t\t\t\t\t<p>Przejrzyj starannie wyselekcjonowane oferty i por\u00f3wnaj pojazdy dopasowane do Twoich potrzeb.<br data-start=\"2686\" data-end=\"2689\" \/>Zapewniamy jasne informacje, aby pom\u00f3c Ci podj\u0105\u0107 \u015bwiadom\u0105 decyzj\u0119.<\/p>\t\t\t\t\t\t\t\t<\/div>\n\t\t\t\t\t\t\t<\/div>\n\t\t\t\t\t\t<\/div>\n\t\t\t\t\t<\/div>\n\t\t\t\t\t\t\t\t\t<div class=\"stm-elementor-panel \">\n\t\t\t\t\t\t<div class=\"stm-elementor-panel-heading\" data-heading=\"panel-1\">\n\t\t\t\t\t\t\t<h4 class=\"stm-elementor-panel-title\">\n\t\t\t\t\t\t\t\t\t\t\t\t\t\t\t\t\t\t<i class=\"stm-elementor-panel-icon fas fa-people-carry\"><\/i>\n\t\t\t\t\t\t\t\t\t\t\t\t\t\t\t\t\t\t\t<span class=\"panel-title-text\">\n\t\t\t\t\t\t\t\t\tPotrzebujesz pomocy w wyborze samochodu?\t\t\t\t\t\t\t\t<\/span>\n\t\t\t\t\t\t\t\t<i class=\"stm-elementor-panel-control-icon-chevron fas fa-chevron-down\"><\/i>\n\t\t\t\t\t\t\t<\/h4>\n\t\t\t\t\t\t<\/div>\n\t\t\t\t\t\t<div class=\"stm-elementor-panel-body\" data-content=\"panel-1\" >\n\t\t\t\t\t\t\t<div class=\"stm-elementor-panel-content\">\n\t\t\t\t\t\t\t\t<div class=\"panel-content-wrap\">\n\t\t\t\t\t\t\t\t\t<div id=\"1445577012778-7f50c834-615e\" class=\"vc_tta-panel vc_active\" data-vc-content=\".vc_tta-panel-body\"><div class=\"vc_tta-panel-body\"><div class=\"wpb_text_column wpb_content_element \"><div class=\"wpb_wrapper\"><p>Nasz zesp\u00f3\u0142 pomo\u017ce Ci przeanalizowa\u0107 dost\u0119pne opcje i odpowie na Twoje pytania.<br data-start=\"2887\" data-end=\"2890\" \/>Stawiamy na przejrzysto\u015b\u0107 i bezpo\u015bredni\u0105 komunikacj\u0119.<\/p><\/div><\/div><\/div><\/div>\t\t\t\t\t\t\t\t<\/div>\n\t\t\t\t\t\t\t<\/div>\n\t\t\t\t\t\t<\/div>\n\t\t\t\t\t<\/div>\n\t\t\t\t\t\t\t\t\t<div class=\"stm-elementor-panel \">\n\t\t\t\t\t\t<div class=\"stm-elementor-panel-heading\" data-heading=\"panel-2\">\n\t\t\t\t\t\t\t<h4 class=\"stm-elementor-panel-title\">\n\t\t\t\t\t\t\t\t\t\t\t\t\t\t\t\t\t\t<i class=\"stm-elementor-panel-icon stmicon- stm-icon-gear\"><\/i>\n\t\t\t\t\t\t\t\t\t\t\t\t\t\t\t\t\t\t\t<span class=\"panel-title-text\">\n\t\t\t\t\t\t\t\t\tInteresuje Ci\u0119 dost\u0119pno\u015b\u0107 lub szczeg\u00f3\u0142y dostawy?\t\t\t\t\t\t\t\t<\/span>\n\t\t\t\t\t\t\t\t<i class=\"stm-elementor-panel-control-icon-chevron fas fa-chevron-down\"><\/i>\n\t\t\t\t\t\t\t<\/h4>\n\t\t\t\t\t\t<\/div>\n\t\t\t\t\t\t<div class=\"stm-elementor-panel-body\" data-content=\"panel-2\" >\n\t\t\t\t\t\t\t<div class=\"stm-elementor-panel-content\">\n\t\t\t\t\t\t\t\t<div class=\"panel-content-wrap\">\n\t\t\t\t\t\t\t\t\t<p>Skontaktuj si\u0119 z nami, aby dowiedzie\u0107 si\u0119 wi\u0119cej o aktualnej dost\u0119pno\u015bci, procesie zam\u00f3wienia oraz terminach.<br data-start=\"3113\" data-end=\"3116\" \/>Ch\u0119tnie przeka\u017cemy aktualne informacje.<\/p>\t\t\t\t\t\t\t\t<\/div>\n\t\t\t\t\t\t\t<\/div>\n\t\t\t\t\t\t<\/div>\n\t\t\t\t\t<\/div>\n\t\t\t\t\t\t\t<\/div>\n\t\t<\/div>\n\t<\/div>\n\t\t\t\t\t<\/div>\n\t\t\t\t<\/div>\n\t\t\t\t\t<\/div>\n\t\t<\/div>\n\t\t\t\t<div class=\"elementor-column elementor-col-50 elementor-top-column elementor-element elementor-element-8b9489e\" data-id=\"8b9489e\" data-element_type=\"column\" data-e-type=\"column\">\n\t\t\t<div class=\"elementor-widget-wrap elementor-element-populated\">\n\t\t\t\t\t\t<div class=\"elementor-element elementor-element-1ad4ce1 elementor-widget elementor-widget-heading\" data-id=\"1ad4ce1\" data-element_type=\"widget\" data-e-type=\"widget\" data-widget_type=\"heading.default\">\n\t\t\t\t\t<h3 class=\"elementor-heading-title elementor-size-default\">OPINIE KLIENT\u00d3W<\/h3>\t\t\t\t<\/div>\n\t\t\t\t<div class=\"elementor-element elementor-element-e361ace elementor-widget elementor-widget-motors-testimonials-carousel\" data-id=\"e361ace\" data-element_type=\"widget\" data-e-type=\"widget\" data-widget_type=\"motors-testimonials-carousel.default\">\n\t\t\t\t<div class=\"elementor-widget-container\">\n\t\t\t\t\t\t<div class=\"stm-testimonials-carousel-wrapper swiper-container style_1\" id=\"stm_testimonials_carousel-26098\">\n\t\t<div class=\"elementor-testimonials-carousel swiper-wrapper\">\n\t\t\t\t\t\t\t<div class=\"testimonial-unit swiper-slide\">\n\t\t\t\t\t\t\t\t\t\t\t<div class=\"clearfix\">\n\t\t\t\t\t\t\t\n\t\t\t\t\t\t\t<div class=\"content\">\n\t\t\t\t\t\t\t\t\t\t\t\t\t\t\t\t<p>Ca\u0142e do\u015bwiadczenie by\u0142o p\u0142ynne i profesjonalne.<br data-start=\"2194\" data-end=\"2197\" \/>Zesp\u00f3\u0142 odpowiedzia\u0142 na wszystkie moje pytania i przekaza\u0142 jasne informacje na ka\u017cdym etapie procesu.<br data-start=\"2297\" data-end=\"2300\" \/>Doceni\u0142em bezpo\u015bredni\u0105 komunikacj\u0119 oraz wsparcie.<\/p>\t\t\t\t\t\t\t<\/div>\n\t\t\t\t\t\t<\/div>\n\n\t\t\t\t\t\t\t\t\t\t\t\t\t<div class=\"testimonial-meta\">\n\t\t\t\t\t\t\t\t\t\t\t\t\t\t\t\t\t<div class=\"author heading-font\">\n\t\t\t\t\t\t\t\t\t\tMichael R.\t\t\t\t\t\t\t\t\t<\/div>\n\t\t\t\t\t\t\t\t\n\t\t\t\t\t\t\t\t\t\t\t\t\t\t\t\t\t<div class=\"author-car\">\n\t\t\t\t\t\t\t\t\t\t\t\t\t\t\t\t\t\t\t\t\t\t<i class=\"stm-testimonial-icon fas fa-layer-group\"><\/i>\n\t\t\t\t\t\t\t\t\t\t\t\t\t\t\t\t\t\t\t\t\t\t\t<span>ZEEKR 001<\/span>\n\t\t\t\t\t\t\t\t\t<\/div>\n\t\t\t\t\t\t\t\t\t\t\t\t\t\t\t<\/div>\n\t\t\t\t\t\t\t\t\t\t\t<\/div>\n\t\t\t\t\t\t\t\t<div class=\"testimonial-unit swiper-slide\">\n\t\t\t\t\t\t\t\t\t\t\t<div class=\"clearfix\">\n\t\t\t\t\t\t\t\n\t\t\t\t\t\t\t<div class=\"content\">\n\t\t\t\t\t\t\t\t\t\t\t\t\t\t\t\t<p>Wszystko zosta\u0142o zorganizowane i zrealizowane terminowo.<br data-start=\"2420\" data-end=\"2423\" \/>Otrzyma\u0142em pomocne wskaz\u00f3wki bez \u017cadnej presji, co u\u0142atwi\u0142o podj\u0119cie decyzji.<br data-start=\"2500\" data-end=\"2503\" \/>W przysz\u0142o\u015bci ponownie rozwa\u017cy\u0142bym wsp\u00f3\u0142prac\u0119.<\/p>\t\t\t\t\t\t\t<\/div>\n\t\t\t\t\t\t<\/div>\n\n\t\t\t\t\t\t\t\t\t\t\t\t\t<div class=\"testimonial-meta\">\n\t\t\t\t\t\t\t\t\t\t\t\t\t\t\t\t\t<div class=\"author heading-font\">\n\t\t\t\t\t\t\t\t\t\tKatarzyna L.\t\t\t\t\t\t\t\t\t<\/div>\n\t\t\t\t\t\t\t\t\n\t\t\t\t\t\t\t\t\t\t\t\t\t\t\t\t\t<div class=\"author-car\">\n\t\t\t\t\t\t\t\t\t\t\t\t\t\t\t\t\t\t\t\t\t\t<i class=\"stm-testimonial-icon fas fa-gift\"><\/i>\n\t\t\t\t\t\t\t\t\t\t\t\t\t\t\t\t\t\t\t\t\t\t\t<span>BYD QIN P<\/span>\n\t\t\t\t\t\t\t\t\t<\/div>\n\t\t\t\t\t\t\t\t\t\t\t\t\t\t\t<\/div>\n\t\t\t\t\t\t\t\t\t\t\t<\/div>\n\t\t\t\t\t\t<\/div>\n\t\t\n\t\t\t\t\t<div class=\"stm-swiper-controls\">\n\t\t\t\t<div class=\"stm-swiper-prev\"><i class=\"fas fa-angle-left\"><\/i><\/div>\n\t\t\t\t<div class=\"stm-swiper-next\"><i class=\"fas fa-angle-right\"><\/i><\/div>\n\t\t\t<\/div>\n\t\t\n\t<\/div>\n\n\t<script>\n\t( function( $ ) {\n\t\t\"use strict\";\n\t\t\t$(window).on('elementor\/frontend\/init', function() {\n\t\t\t\tlet swiper = new Swiper('#stm_testimonials_carousel-26098', {\n\n\t\t\t\t\t\t\t\tloop: true,\n\t\t\t\t\n\t\t\t\t\t\t\t\t\tsimulateTouch: true,\n\t\t\t\t\n\t\t\t\t\n\t\t\t\t\n\t\t\t\t\t\t\t\t\tslidesPerGroup: 1,\n\t\t\t\t\n\t\t\t\tslidesPerView: 1,\n\t\t\t\tspaceBetween: 20,\n\t\t\t\tcenterInsufficientSlides: true,\n\t\t\t\tbreakpoints: {\n\t\t\t\t\t768: {\n\t\t\t\t\t\tslidesPerView: 1,\n\t\t\t\t\t},\n\t\t\t\t\t1024: {\n\t\t\t\t\t\tslidesPerView: 1,\n\t\t\t\t\t}\n\t\t\t\t},\n\t\t\t\t\t\t\t\t\t\t\t\t\tnavigation: {\n\t\t\t\t\t\tnextEl: '.stm-swiper-next',\n\t\t\t\t\t\tprevEl: '.stm-swiper-prev',\n\t\t\t\t\t},\n\t\t\t\t\t\t\t});\n\n\t\t\t\t\t});\n\t\t\t\t} ( jQuery ) );\n\t<\/script>\n\t\t\t\t\t<\/div>\n\t\t\t\t<\/div>\n\t\t\t\t\t<\/div>\n\t\t<\/div>\n\t\t\t\t\t<\/div>\n\t\t<\/section>\n\t\t\t\t<\/div>\n\t\t","protected":false},"excerpt":{"rendered":"<p>WITAMY W EVOMOTOR EvoMoto to polski serwis specjalizuj\u0105cy si\u0119 w selekcji, imporcie i dostawie pojazd\u00f3w elektrycznych i hybrydowych z Chin do Polski i ca\u0142ej UE. Wierzymy w przysz\u0142o\u015b\u0107, w kt\u00f3rej nowoczesny samoch\u00f3d mo\u017ce by\u0107 przyjazny dla \u015brodowiska, zaawansowany technologicznie i op\u0142acalny &#8211; a proces zakupu pozostaje prosty i szybki Nasz\u0105 misj\u0105 jest uczynienie zam\u00f3wienia samochodu&#8230;<\/p>\n","protected":false},"author":1,"featured_media":0,"parent":0,"menu_order":0,"comment_status":"closed","ping_status":"closed","template":"","meta":{"footnotes":""},"class_list":["post-8003","page","type-page","status-publish","hentry"],"_links":{"self":[{"href":"https:\/\/evomoto.pl\/pl\/wp-json\/wp\/v2\/pages\/8003","targetHints":{"allow":["GET"]}}],"collection":[{"href":"https:\/\/evomoto.pl\/pl\/wp-json\/wp\/v2\/pages"}],"about":[{"href":"https:\/\/evomoto.pl\/pl\/wp-json\/wp\/v2\/types\/page"}],"author":[{"embeddable":true,"href":"https:\/\/evomoto.pl\/pl\/wp-json\/wp\/v2\/users\/1"}],"replies":[{"embeddable":true,"href":"https:\/\/evomoto.pl\/pl\/wp-json\/wp\/v2\/comments?post=8003"}],"version-history":[{"count":4,"href":"https:\/\/evomoto.pl\/pl\/wp-json\/wp\/v2\/pages\/8003\/revisions"}],"predecessor-version":[{"id":8025,"href":"https:\/\/evomoto.pl\/pl\/wp-json\/wp\/v2\/pages\/8003\/revisions\/8025"}],"wp:attachment":[{"href":"https:\/\/evomoto.pl\/pl\/wp-json\/wp\/v2\/media?parent=8003"}],"curies":[{"name":"wp","href":"https:\/\/api.w.org\/{rel}","templated":true}]}}