{"id":5987,"date":"2016-04-07T07:50:01","date_gmt":"2016-04-07T07:50:01","guid":{"rendered":"https:\/\/evomoto.pl\/skontaktuj-sie-z-nami\/"},"modified":"2026-02-16T13:45:23","modified_gmt":"2026-02-16T13:45:23","slug":"contact-us","status":"publish","type":"page","link":"https:\/\/evomoto.pl\/pl\/contact-us\/","title":{"rendered":"Skontaktuj si\u0119"},"content":{"rendered":"\t\t<div data-elementor-type=\"wp-page\" data-elementor-id=\"5987\" class=\"elementor elementor-5987 elementor-2080\">\n\t\t\t\t\t\t<section class=\"elementor-section elementor-top-section elementor-element elementor-element-2347557 elementor-section-full_width elementor-section-height-min-height elementor-section-stretched elementor-section-height-default elementor-section-items-middle\" data-id=\"2347557\" data-element_type=\"section\" data-e-type=\"section\" data-settings=\"{&quot;stretch_section&quot;:&quot;section-stretched&quot;,&quot;background_background&quot;:&quot;classic&quot;}\">\n\t\t\t\t\t\t<div class=\"elementor-container elementor-column-gap-default\">\n\t\t\t\t\t<div class=\"elementor-column elementor-col-100 elementor-top-column elementor-element elementor-element-2848e57\" data-id=\"2848e57\" data-element_type=\"column\" data-e-type=\"column\">\n\t\t\t<div class=\"elementor-widget-wrap elementor-element-populated\">\n\t\t\t\t\t\t<section class=\"elementor-section elementor-inner-section elementor-element elementor-element-bc070d6 elementor-section-boxed elementor-section-height-default elementor-section-height-default\" data-id=\"bc070d6\" data-element_type=\"section\" data-e-type=\"section\" data-settings=\"{&quot;background_background&quot;:&quot;classic&quot;}\">\n\t\t\t\t\t\t<div class=\"elementor-container elementor-column-gap-default\">\n\t\t\t\t\t<div class=\"elementor-column elementor-col-100 elementor-inner-column elementor-element elementor-element-6dd99ff\" data-id=\"6dd99ff\" data-element_type=\"column\" data-e-type=\"column\" data-settings=\"{&quot;background_background&quot;:&quot;classic&quot;}\">\n\t\t\t<div class=\"elementor-widget-wrap elementor-element-populated\">\n\t\t\t\t\t\t<div class=\"elementor-element elementor-element-be9516d elementor-absolute elementor-widget__width-initial elementor-widget elementor-widget-stm-contact-form-seven\" data-id=\"be9516d\" data-element_type=\"widget\" data-e-type=\"widget\" data-settings=\"{&quot;_position&quot;:&quot;absolute&quot;}\" data-widget_type=\"stm-contact-form-seven.default\">\n\t\t\t\t<div class=\"elementor-widget-container\">\n\t\t\t\t\t\n<div class=\"stm-elementor-contact-form-seven \" id=\"single_contact_form_87255\">\n\t<div class=\"icon-title\">\n\t\t\t\t\t<h2 class=\"heading-font title\">\n\t\t\t\tKONTAKT\t\t\t<\/h2>\n\t\t\t<\/div>\n\n\t\n\t\n<div class=\"wpcf7 no-js\" id=\"wpcf7-f6080-o1\" lang=\"pl-PL\" dir=\"ltr\" data-wpcf7-id=\"6080\">\n<div class=\"screen-reader-response\"><p role=\"status\" aria-live=\"polite\" aria-atomic=\"true\"><\/p> <ul><\/ul><\/div>\n<form action=\"\/pl\/wp-json\/wp\/v2\/pages\/5987#wpcf7-f6080-o1\" method=\"post\" class=\"wpcf7-form init\" aria-label=\"Formularz kontaktowy\" novalidate=\"novalidate\" data-status=\"init\">\n<fieldset class=\"hidden-fields-container\"><input type=\"hidden\" name=\"_wpcf7\" value=\"6080\" \/><input type=\"hidden\" name=\"_wpcf7_version\" value=\"6.1.5\" \/><input type=\"hidden\" name=\"_wpcf7_locale\" value=\"pl_PL\" \/><input type=\"hidden\" name=\"_wpcf7_unit_tag\" value=\"wpcf7-f6080-o1\" \/><input type=\"hidden\" name=\"_wpcf7_container_post\" value=\"0\" \/><input type=\"hidden\" name=\"_wpcf7_posted_data_hash\" value=\"\" \/>\n<\/fieldset>\n<div class=\"row\">\n    <div class=\"col-md-7 col-sm-7\">\n        <div class=\"row\">\n            <div class=\"col-md-6 col-sm-6\">\n                <div class=\"form-group\">\n                    <div class=\"contact-us-label\">Imi\u0119*<\/div>\n  <span class=\"wpcf7-form-control-wrap\" data-name=\"first-name\"><input size=\"40\" maxlength=\"400\" class=\"wpcf7-form-control wpcf7-text wpcf7-validates-as-required\" aria-required=\"true\" aria-invalid=\"false\" placeholder=\"Wpisz swoje imi\u0119\" value=\"\" type=\"text\" name=\"first-name\" \/><\/span>\n                <\/div>\n            <\/div>\n            <div class=\"col-md-6 col-sm-6\">\n                <div class=\"form-group\">\n                    <div class=\"contact-us-label\">Nazwisko*<\/div>\n  <span class=\"wpcf7-form-control-wrap\" data-name=\"last-name\"><input size=\"40\" maxlength=\"400\" class=\"wpcf7-form-control wpcf7-text wpcf7-validates-as-required\" aria-required=\"true\" aria-invalid=\"false\" placeholder=\"Wpisz swoje nazwisko\" value=\"\" type=\"text\" name=\"last-name\" \/><\/span>\n                <\/div>\n            <\/div>\n        <\/div>\n        <div class=\"row\">\n            <div class=\"col-md-6 col-sm-6\">\n                <div class=\"form-group\">\n                    <div class=\"contact-us-label\">Email*<\/div>\n  <span class=\"wpcf7-form-control-wrap\" data-name=\"email\"><input size=\"40\" maxlength=\"400\" class=\"wpcf7-form-control wpcf7-email wpcf7-validates-as-required wpcf7-text wpcf7-validates-as-email\" aria-required=\"true\" aria-invalid=\"false\" placeholder=\"email@domena.com\" value=\"\" type=\"email\" name=\"email\" \/><\/span>\n                <\/div>\n            <\/div>\n            <div class=\"col-md-6 col-sm-6\">\n                <div class=\"form-group\">\n                    <div class=\"contact-us-label\">Telefon<\/div>\n                    <span class=\"wpcf7-form-control-wrap\" data-name=\"phone\"><input size=\"40\" maxlength=\"400\" class=\"wpcf7-form-control wpcf7-tel wpcf7-text wpcf7-validates-as-tel\" aria-invalid=\"false\" placeholder=\"Numer telefonu\" value=\"\" type=\"tel\" name=\"phone\" \/><\/span>\n                <\/div>\n            <\/div>\n        <\/div>\n\n        <div class=\"row\">\n            <div class=\"col-md-12 stm-contact-us-checkbox\">\n                <span class=\"wpcf7-form-control-wrap\" data-name=\"subscribe\"><span class=\"wpcf7-form-control wpcf7-checkbox\"><span class=\"wpcf7-list-item first last\"><label><input type=\"checkbox\" name=\"subscribe[]\" value=\"Zapisz si\u0119 i otrzymuj najnowsze aktualizacje i oferty mailem\" \/><span class=\"wpcf7-list-item-label\">Zapisz si\u0119 i otrzymuj najnowsze aktualizacje i oferty mailem<\/span><\/label><\/span><\/span><\/span>\n            <\/div>\n        <\/div>\n    <\/div>\n\n    <div class=\"col-md-5 col-sm-5\">\n        <div class=\"form-group\">\n            <div class=\"form-group\">\n                <div class=\"contact-us-label\">Komentarz<\/div>\n                <span class=\"wpcf7-form-control-wrap\" data-name=\"message\"><textarea cols=\"40\" rows=\"10\" maxlength=\"2000\" class=\"wpcf7-form-control wpcf7-textarea\" aria-invalid=\"false\" placeholder=\"Wpisz swoj\u0105 wiadomo\u015b\u0107...\" name=\"message\"><\/textarea><\/span>\n            <\/div>\n        <\/div>\n        <div class=\"contact-us-submit\">\n            <input class=\"wpcf7-form-control wpcf7-submit has-spinner contact-us-submit\" type=\"submit\" value=\"Wy\u015blij\" \/>\n        <\/div>\n    <\/div>\n<\/div><input type='hidden' class='wpcf7-pum' value='{\"closepopup\":false,\"closedelay\":0,\"openpopup\":false,\"openpopup_id\":0}' \/><div class=\"wpcf7-response-output\" aria-hidden=\"true\"><\/div>\n<\/form>\n<\/div>\n\t<\/div>\n\n\t\t\t\t<\/div>\n\t\t\t\t<\/div>\n\t\t\t\t\t<\/div>\n\t\t<\/div>\n\t\t\t\t\t<\/div>\n\t\t<\/section>\n\t\t\t\t\t<\/div>\n\t\t<\/div>\n\t\t\t\t\t<\/div>\n\t\t<\/section>\n\t\t\t\t<section class=\"elementor-section elementor-top-section elementor-element elementor-element-f3fe490 elementor-section-full_width elementor-section-height-default elementor-section-height-default\" data-id=\"f3fe490\" data-element_type=\"section\" data-e-type=\"section\">\n\t\t\t\t\t\t<div class=\"elementor-container elementor-column-gap-default\">\n\t\t\t\t\t<div class=\"elementor-column elementor-col-33 elementor-top-column elementor-element elementor-element-ec1a0fa\" data-id=\"ec1a0fa\" data-element_type=\"column\" data-e-type=\"column\">\n\t\t\t<div class=\"elementor-widget-wrap elementor-element-populated\">\n\t\t\t\t\t\t<div class=\"elementor-element elementor-element-351d6c5 elementor-widget elementor-widget-motors-contact-tabs\" data-id=\"351d6c5\" data-element_type=\"widget\" data-e-type=\"widget\" data-settings=\"{&quot;_animation&quot;:&quot;none&quot;}\" data-widget_type=\"motors-contact-tabs.default\">\n\t\t\t\t<div class=\"elementor-widget-container\">\n\t\t\t\t\t\t<div class=\"stm-elementor-contact-tabs\">\n\t\t<div class=\"elementor-contact-tabs\">\n\t\t\t<div class=\"elementor-contact-tabs-container\">\n\t\t\t\t<ul class=\"elementor-contact-tabs-list\">\n\t\t\t\t\t\t\t\t\t\t<li class=\"elementor-contact-tab active\" data-tab=\"587380\">\n\t\t\t\t\t\t<span class=\"tab-item\">\n\t\t\t\t\t\t\t<span class=\"elementor-contact-title-text\">\n\t\t\t\t\t\t\t\tCz\u0119\u015bci\t\t\t\t\t\t\t<\/span>\n\t\t\t\t\t\t<\/span>\n\t\t\t\t\t<\/li>\n\t\t\t\t\t\t\t\t\t<\/ul>\n\t\t\t<\/div>\n\t\t\t<div class=\"contact-tabs-containers-wrap\">\n\t\t\t\t\t\t\t\t\t<div class=\"elementor-contact-panels-container contact-panel-587380 active\">\n\t\t\t\t\t\t\t\t\t\t\t\t<div class=\"tab-unit\">\n\t\t\t\t\t\t\t<div class=\"icon\">\n\t\t\t\t\t\t\t\t\t\t\t\t\t\t\t\t\t\t<i class=\"stmicon- stm-icon-pin\"><\/i>\n\t\t\t\t\t\t\t\t\t\t\t\t\t\t\t\t\t<\/div>\n\t\t\t\t\t\t\t<div class=\"text\">\n\t\t\t\t\t\t\t\t<h4 class=\"title heading-font\">\n\t\t\t\t\t\t\t\t\tAdres\t\t\t\t\t\t\t\t<\/h4>\n\t\t\t\t\t\t\t\t<div class=\"content heading-font\">\n\t\t\t\t\t\t\t\t\t<p>Warszawa, Polska<\/p>\t\t\t\t\t\t\t\t<\/div>\n\t\t\t\t\t\t\t<\/div>\n\t\t\t\t\t\t<\/div>\n\t\t\t\t\t\t\n\t\t\t\t\t\t\t\t\t\t\t\t<div class=\"tab-unit\">\n\t\t\t\t\t\t\t<div class=\"icon\">\n\t\t\t\t\t\t\t\t\t\t\t\t\t\t\t\t\t\t<i class=\"far fa-building\"><\/i>\n\t\t\t\t\t\t\t\t\t\t\t\t\t\t\t\t\t<\/div>\n\t\t\t\t\t\t\t<div class=\"text\">\n\t\t\t\t\t\t\t\t<h4 class=\"title heading-font\">\n\t\t\t\t\t\t\t\t\tBiuro\t\t\t\t\t\t\t\t<\/h4>\n\t\t\t\t\t\t\t\t<div class=\"content heading-font\">\n\t\t\t\t\t\t\t\t\t<p>+48 517 355 040<\/p><p>office@evomoto.pl<\/p>\t\t\t\t\t\t\t\t<\/div>\n\t\t\t\t\t\t\t<\/div>\n\t\t\t\t\t\t<\/div>\n\t\t\t\t\t\t\n\t\t\t\t\t\t\t\t\t\t\t\t<div class=\"tab-unit\">\n\t\t\t\t\t\t\t<div class=\"icon\">\n\t\t\t\t\t\t\t\t\t\t\t\t\t\t\t\t\t\t<i class=\"far fa-user\"><\/i>\n\t\t\t\t\t\t\t\t\t\t\t\t\t\t\t\t\t<\/div>\n\t\t\t\t\t\t\t<div class=\"text\">\n\t\t\t\t\t\t\t\t<h4 class=\"title heading-font\">\n\t\t\t\t\t\t\t\t\tDyrektor\t\t\t\t\t\t\t\t<\/h4>\n\t\t\t\t\t\t\t\t<div class=\"content heading-font\">\n\t\t\t\t\t\t\t\t\t<p>+48 512 365 875<\/p><p>director@evomoto.pl<\/p>\t\t\t\t\t\t\t\t<\/div>\n\t\t\t\t\t\t\t<\/div>\n\t\t\t\t\t\t<\/div>\n\t\t\t\t\t\t\t\t\t\t\t<\/div>\n\t\t\t\t\t\t\t<\/div>\n\t\t<\/div>\n\t<\/div>\n\t\t\t\t\t<\/div>\n\t\t\t\t<\/div>\n\t\t\t\t\t<\/div>\n\t\t<\/div>\n\t\t\t\t<div class=\"elementor-column elementor-col-66 elementor-top-column elementor-element elementor-element-0da83ba\" data-id=\"0da83ba\" data-element_type=\"column\" data-e-type=\"column\">\n\t\t\t<div class=\"elementor-widget-wrap elementor-element-populated\">\n\t\t\t\t\t\t<div class=\"elementor-element elementor-element-0a47746 elementor-widget elementor-widget-stm-google-map\" data-id=\"0a47746\" data-element_type=\"widget\" data-e-type=\"widget\" data-widget_type=\"stm-google-map.default\">\n\t\t\t\t<div class=\"elementor-widget-container\">\n\t\t\t\t\t\n<div id=\"stm_map-78217\" class=\"stm-elementor-google-map\"><\/div>\n\n<script>\n\tjQuery(document).ready(function ($) {\n\t\tvar center, map;\n\t\tfunction init() {\n\t\t\tvar mapStyles = [\n\t\t\t\t{\n\t\t\t\t\t\"featureType\": \"all\",\n\t\t\t\t\t\"elementType\": \"all\",\n\t\t\t\t\t\"stylers\": [\n\t\t\t\t\t\t{\n\t\t\t\t\t\t\t\"visibility\": \"on\"\n\t\t\t\t\t\t}\n\t\t\t\t\t]\n\t\t\t\t}\n\t\t\t];\n\n\t\t\t\n\t\t\tcenter = new google.maps.LatLng(52.236631, 21.006819);\n\t\t\tvar mapOptions = {\n\t\t\t\tzoom: 7,\n\t\t\t\tcenter: center,\n\t\t\t\tstyles: mapStyles,\n\t\t\t\tscrollwheel: true,\n\t\t\t\tzoomControl: true,\n\t\t\t\tmapTypeControl: true,\n\t\t\t\tscaleControl: true,\n\t\t\t\tstreetViewControl: true,\n\t\t\t\trotateControl: true,\n\t\t\t\tfullscreenControl: true\t\t\t};\n\t\t\tvar mapElement = document.getElementById('stm_map-78217');\n\t\t\tmap = new google.maps.Map(mapElement, mapOptions);\n\t\t\tvar marker = new google.maps.Marker({\n\t\t\t\tposition: center,\n\t\t\t\t\t\t\t\ticon: 'https:\/\/evomoto.pl\/wp-content\/uploads\/2025\/11\/logo-evo-clear-Short-e1771243326608.png',\n\t\t\t\t\t\t\t\tmap: map,\n\t\t\t});\n\n\t\t\t\t\t}\n\n\t\t$('.vc_tta-tab').on('click', function(){\n\t\t\tif(typeof map != 'undefined' && typeof center != 'undefined') {\n\t\t\t\tsetTimeout(function () {\n\t\t\t\t\tgoogle.maps.event.trigger(map, \"resize\");\n\t\t\t\t\tmap.setCenter(center);\n\t\t\t\t}, 1000);\n\t\t\t}\n\t\t})\n\n\t\t$('a').on('click', function(){\n\t\t\tif(typeof $(this).data('vc-accordion') !== 'undefined' && typeof map != 'undefined' && typeof center != 'undefined') {\n\t\t\t\tsetTimeout(function () {\n\t\t\t\t\tgoogle.maps.event.trigger(map, \"resize\");\n\t\t\t\t\tmap.setCenter(center);\n\t\t\t\t}, 1000);\n\t\t\t}\n\t\t})\n\n\t\t$('.wpb_tour_tabs_wrapper.ui-tabs ul.wpb_tabs_nav > li').on('click', function(){\n\t\t\tif(typeof map != 'undefined' && typeof center != 'undefined') {\n\t\t\t\tsetTimeout(function () {\n\t\t\t\t\tgoogle.maps.event.trigger(map, \"resize\");\n\t\t\t\t\tmap.setCenter(center);\n\t\t\t\t}, 1000);\n\t\t\t}\n\t\t})\n\n\t\t$(window).on('resize', function(){\n\t\t\tif(typeof map != 'undefined' && typeof center != 'undefined') {\n\t\t\t\tsetTimeout(function () {\n\t\t\t\t\tmap.setCenter(center);\n\t\t\t\t}, 1000);\n\t\t\t}\n\t\t});\n\n\t\t\/\/ initialize map\n\t\tif ( typeof google.maps.LatLng !== 'undefined' ) {\n\t\t\tinit();\n\t\t} else {\n\t\t\tdocument.body.addEventListener('stm_gmap_api_loaded', init, false);\n\t\t}\n\t});\n<\/script>\n\t\t\t\t<\/div>\n\t\t\t\t<\/div>\n\t\t\t\t\t<\/div>\n\t\t<\/div>\n\t\t\t\t\t<\/div>\n\t\t<\/section>\n\t\t\t\t<\/div>\n\t\t","protected":false},"excerpt":{"rendered":"<p>KONTAKT First Name* Last Name* Email* Phone Subscribe and Get latest updates and offers by Email Comment Cz\u0119\u015bci Adres Warszawa, Polska Biuro +48 517 355 040 office@evomoto.pl Dyrektor +48 512 365 875 director@evomoto.pl<\/p>\n","protected":false},"author":1,"featured_media":0,"parent":0,"menu_order":0,"comment_status":"closed","ping_status":"closed","template":"","meta":{"footnotes":""},"class_list":["post-5987","page","type-page","status-publish","hentry"],"_links":{"self":[{"href":"https:\/\/evomoto.pl\/pl\/wp-json\/wp\/v2\/pages\/5987","targetHints":{"allow":["GET"]}}],"collection":[{"href":"https:\/\/evomoto.pl\/pl\/wp-json\/wp\/v2\/pages"}],"about":[{"href":"https:\/\/evomoto.pl\/pl\/wp-json\/wp\/v2\/types\/page"}],"author":[{"embeddable":true,"href":"https:\/\/evomoto.pl\/pl\/wp-json\/wp\/v2\/users\/1"}],"replies":[{"embeddable":true,"href":"https:\/\/evomoto.pl\/pl\/wp-json\/wp\/v2\/comments?post=5987"}],"version-history":[{"count":25,"href":"https:\/\/evomoto.pl\/pl\/wp-json\/wp\/v2\/pages\/5987\/revisions"}],"predecessor-version":[{"id":7881,"href":"https:\/\/evomoto.pl\/pl\/wp-json\/wp\/v2\/pages\/5987\/revisions\/7881"}],"wp:attachment":[{"href":"https:\/\/evomoto.pl\/pl\/wp-json\/wp\/v2\/media?parent=5987"}],"curies":[{"name":"wp","href":"https:\/\/api.w.org\/{rel}","templated":true}]}}